{"id":24221,"date":"2025-10-21T14:11:27","date_gmt":"2025-10-21T12:11:27","guid":{"rendered":"https:\/\/www.prokick.hr\/?page_id=24221"},"modified":"2025-10-22T10:37:05","modified_gmt":"2025-10-22T08:37:05","slug":"treneri","status":"publish","type":"page","link":"https:\/\/www.prokick.hr\/?page_id=24221","title":{"rendered":"Treneri"},"content":{"rendered":"\t\t<div data-elementor-type=\"wp-page\" data-elementor-id=\"24221\" class=\"elementor elementor-24221\">\n\t\t\t\t<div class=\"elementor-element elementor-element-e62c40e e-flex e-con-boxed e-con e-parent\" data-id=\"e62c40e\" data-element_type=\"container\" data-e-type=\"container\">\n\t\t\t\t\t<div class=\"e-con-inner\">\n\t\t<div class=\"elementor-element elementor-element-e38a4c1 animated-fast e-con-full e-flex e-con e-child\" data-id=\"e38a4c1\" data-element_type=\"container\" data-e-type=\"container\" data-settings=\"{&quot;animation&quot;:&quot;none&quot;}\">\n\t\t<div data-wrapper-link=\"{&quot;url&quot;:&quot;https:\\\/\\\/www.prokick.hr\\\/?page_id=24232&quot;,&quot;is_external&quot;:&quot;&quot;,&quot;nofollow&quot;:&quot;&quot;,&quot;custom_attributes&quot;:&quot;&quot;}\" style=\"cursor: pointer\" class=\"elementor-element elementor-element-e9abc3b e-con-full e-flex e-con e-child\" data-id=\"e9abc3b\" data-element_type=\"container\" data-e-type=\"container\">\n\t\t\t\t<div class=\"elementor-element elementor-element-f4e5f57 animated-fast elementor-invisible elementor-widget elementor-widget-elementskit-team\" data-id=\"f4e5f57\" data-element_type=\"widget\" data-e-type=\"widget\" data-settings=\"{&quot;_animation&quot;:&quot;fadeInUp&quot;,&quot;_animation_delay&quot;:100,&quot;ekit_we_effect_on&quot;:&quot;none&quot;}\" data-widget_type=\"elementskit-team.default\">\n\t\t\t\t<div class=\"elementor-widget-container\">\n\t\t\t\t\t<div class=\"ekit-wid-con\">\t\t\t\t\t\t\t\t\n\t\t<div class=\"profile-card elementor-animation- text-center ekit-team-style-default\">\n\t\t\t\n\t\t\t\t<div class=\"profile-header ekit-team-img ekit-img-overlay ekit-team-img-block\" >\n\t\t\t\t\t<img decoding=\"async\" width=\"139\" height=\"181\" src=\"https:\/\/www.prokick.hr\/wp-content\/uploads\/2025\/10\/miroslav-kuljanac-profile.jpg\" class=\"attachment-medium size-medium wp-image-24223\" alt=\"miroslav-kuljanac-profile\" \/>\t\t\t\t<\/div><!-- .profile-header END -->\n\t\t\t\n\n\t\t\t\t<div class=\"profile-body\">\n\t\t\t\t\t\n\t\t\t\t\t<h2 class=\"profile-title\">\n\t\t\t\t\t\t\t\t\t\t\tMiroslav Kuljanac\t\t\t\t\t\t\t\t\t\t<\/h2>\n\t\t\t\t\t<p class=\"profile-designation\">Kuala Lumpur City FC<\/p>\n\t\t\t\t\t\t\t\t\t\t<p class=\"profile-content\"><img decoding=\"async\" src=\"https:\/\/www.prokick.hr\/wp-content\/uploads\/2025\/10\/hr.svg\" alt=\"Rebublika Hrvatska\" width=\"30\" height=\"20\" \/>\n<\/p>\n\t\t\t\t\t\t\t\t\t<\/div><!-- .profile-body END -->\n\n\t\t\t\t\t\t\t\t\t<div class=\"profile-footer\">\n\t\t\t\t\t\t<ul class=\"ekit-team-social-list\">\n\t\t\t<li class=\"elementor-repeater-item-b37fad5\">\n\t\t\t<a href=\"https:\/\/www.transfermarkt.com\/miroslav-kuljanac\/profil\/trainer\/89420\" aria-label=\"Transfermarkt\">\n\t\t\t\t<i aria-hidden=\"true\" class=\"fab fa-tumblr\"><\/i>\t\t\t<\/a>\n\t\t<\/li>\n\t\t\t<li class=\"elementor-repeater-item-1a3ab10\">\n\t\t\t<a href=\"https:\/\/semafor.hns.family\/treneri\/17694\/miroslav-kuljanac\/\" aria-label=\"Semafor HNL\">\n\t\t\t\t<i aria-hidden=\"true\" class=\"fab fa-stripe-s\"><\/i>\t\t\t<\/a>\n\t\t<\/li>\n\t<\/ul>\n\t\t\t\t\t<\/div>\n\t\t\t\t\t\t\t\t\t<\/div>\n\t\t\t\t\t\t\t\n\t\t\t\n\t\t\t\t<\/div>\t\t\t\t<\/div>\n\t\t\t\t<\/div>\n\t\t\t\t<\/div>\n\t\t<div data-wrapper-link=\"{&quot;url&quot;:&quot;https:\\\/\\\/www.prokick.hr\\\/?page_id=24252&quot;,&quot;is_external&quot;:&quot;&quot;,&quot;nofollow&quot;:&quot;&quot;,&quot;custom_attributes&quot;:&quot;&quot;}\" style=\"cursor: pointer\" class=\"elementor-element elementor-element-31cd69a e-con-full e-flex e-con e-child\" data-id=\"31cd69a\" data-element_type=\"container\" data-e-type=\"container\">\n\t\t\t\t<div class=\"elementor-element elementor-element-fae374e animated-fast elementor-invisible elementor-widget elementor-widget-elementskit-team\" data-id=\"fae374e\" data-element_type=\"widget\" data-e-type=\"widget\" data-settings=\"{&quot;_animation&quot;:&quot;fadeInUp&quot;,&quot;_animation_delay&quot;:200,&quot;ekit_we_effect_on&quot;:&quot;none&quot;}\" data-widget_type=\"elementskit-team.default\">\n\t\t\t\t<div class=\"elementor-widget-container\">\n\t\t\t\t\t<div class=\"ekit-wid-con\">\t\t\t\t\t\t\t\t\n\t\t<div class=\"profile-card elementor-animation- text-center ekit-team-style-default\">\n\t\t\t\n\t\t\t\t<div class=\"profile-header ekit-team-img ekit-img-overlay ekit-team-img-block\" >\n\t\t\t\t\t<img decoding=\"async\" width=\"139\" height=\"181\" src=\"https:\/\/www.prokick.hr\/wp-content\/uploads\/2025\/10\/zoran-vukelic-profile-181.png\" class=\"attachment-medium size-medium wp-image-24268\" alt=\"\" \/>\t\t\t\t<\/div><!-- .profile-header END -->\n\t\t\t\n\n\t\t\t\t<div class=\"profile-body\">\n\t\t\t\t\t\n\t\t\t\t\t<h2 class=\"profile-title\">\n\t\t\t\t\t\t\t\t\t\t\tZoran Vukeli\u0107\t\t\t\t\t\t\t\t\t\t<\/h2>\n\t\t\t\t\t<p class=\"profile-designation\">NK Gaj Ma\u010de<\/p>\n\t\t\t\t\t\t\t\t\t\t<p class=\"profile-content\"><img decoding=\"async\" src=\"https:\/\/www.prokick.hr\/wp-content\/uploads\/2025\/10\/hr.svg\" alt=\"Rebublika Hrvatska\" width=\"30\" height=\"20\" \/>\n<\/p>\n\t\t\t\t\t\t\t\t\t<\/div><!-- .profile-body END -->\n\n\t\t\t\t\t\t\t\t\t<div class=\"profile-footer\">\n\t\t\t\t\t\t<ul class=\"ekit-team-social-list\">\n\t\t\t<li class=\"elementor-repeater-item-b37fad5\">\n\t\t\t<a href=\"https:\/\/www.transfermarkt.com\/zoran-vukelic\/profil\/trainer\/21868\" aria-label=\"Transfermarkt\">\n\t\t\t\t<i aria-hidden=\"true\" class=\"fab fa-tumblr\"><\/i>\t\t\t<\/a>\n\t\t<\/li>\n\t\t\t<li class=\"elementor-repeater-item-1a3ab10\">\n\t\t\t<a href=\"https:\/\/semafor.hns.family\/treneri\/106233\/zoran-vukelic\/\" aria-label=\"Semafor HNL\">\n\t\t\t\t<i aria-hidden=\"true\" class=\"fab fa-stripe-s\"><\/i>\t\t\t<\/a>\n\t\t<\/li>\n\t<\/ul>\n\t\t\t\t\t<\/div>\n\t\t\t\t\t\t\t\t\t<\/div>\n\t\t\t\t\t\t\t\n\t\t\t\n\t\t\t\t<\/div>\t\t\t\t<\/div>\n\t\t\t\t<\/div>\n\t\t\t\t<\/div>\n\t\t<div data-wrapper-link=\"{&quot;url&quot;:&quot;https:\\\/\\\/www.prokick.hr\\\/?page_id=24247&quot;,&quot;is_external&quot;:&quot;&quot;,&quot;nofollow&quot;:&quot;&quot;,&quot;custom_attributes&quot;:&quot;&quot;}\" style=\"cursor: pointer\" class=\"elementor-element elementor-element-fe72acc e-con-full e-flex e-con e-child\" data-id=\"fe72acc\" data-element_type=\"container\" data-e-type=\"container\">\n\t\t\t\t<div class=\"elementor-element elementor-element-906a685 animated-fast elementor-invisible elementor-widget elementor-widget-elementskit-team\" data-id=\"906a685\" data-element_type=\"widget\" data-e-type=\"widget\" data-settings=\"{&quot;_animation&quot;:&quot;fadeInUp&quot;,&quot;_animation_delay&quot;:300,&quot;ekit_we_effect_on&quot;:&quot;none&quot;}\" data-widget_type=\"elementskit-team.default\">\n\t\t\t\t<div class=\"elementor-widget-container\">\n\t\t\t\t\t<div class=\"ekit-wid-con\">\t\t\t\t\t\t\t\t\n\t\t<div class=\"profile-card elementor-animation- text-center ekit-team-style-default\">\n\t\t\t\n\t\t\t\t<div class=\"profile-header ekit-team-img ekit-img-overlay ekit-team-img-block\" >\n\t\t\t\t\t<img loading=\"lazy\" decoding=\"async\" width=\"139\" height=\"181\" src=\"https:\/\/www.prokick.hr\/wp-content\/uploads\/2025\/10\/adolfo-monsalve-profile-small.jpg\" class=\"attachment-medium size-medium wp-image-24228\" alt=\"\" \/>\t\t\t\t<\/div><!-- .profile-header END -->\n\t\t\t\n\n\t\t\t\t<div class=\"profile-body\">\n\t\t\t\t\t\n\t\t\t\t\t<h2 class=\"profile-title\">\n\t\t\t\t\t\t\t\t\t\t\tAdolfo Monsalve\t\t\t\t\t\t\t\t\t\t<\/h2>\n\t\t\t\t\t<p class=\"profile-designation\">Atl\u00e9tico Pantoja<\/p>\n\t\t\t\t\t\t\t\t\t\t<p class=\"profile-content\"><img loading=\"lazy\" decoding=\"async\" src=\"https:\/\/www.prokick.hr\/wp-content\/uploads\/2025\/10\/ve.svg\" alt=\"Venezuela\" width=\"30\" height=\"20\" \/>\n<\/p>\n\t\t\t\t\t\t\t\t\t<\/div><!-- .profile-body END -->\n\n\t\t\t\t\t\t\t\t\t<div class=\"profile-footer\">\n\t\t\t\t\t\t<ul class=\"ekit-team-social-list\">\n\t\t\t<li class=\"elementor-repeater-item-b37fad5\">\n\t\t\t<a href=\"https:\/\/www.transfermarkt.com\/adolfo-monsalve\/profil\/trainer\/97559#google_vignette\" aria-label=\"Transfermarkt\">\n\t\t\t\t<i aria-hidden=\"true\" class=\"fab fa-tumblr\"><\/i>\t\t\t<\/a>\n\t\t<\/li>\n\t\t\t<li class=\"elementor-repeater-item-dfb21bc\">\n\t\t\t<a href=\"https:\/\/www.instagram.com\/adolfomonsalvee\" aria-label=\"Instagram\">\n\t\t\t\t<i aria-hidden=\"true\" class=\"icon icon-instagram-1\"><\/i>\t\t\t<\/a>\n\t\t<\/li>\n\t<\/ul>\n\t\t\t\t\t<\/div>\n\t\t\t\t\t\t\t\t\t<\/div>\n\t\t\t\t\t\t\t\n\t\t\t\n\t\t\t\t<\/div>\t\t\t\t<\/div>\n\t\t\t\t<\/div>\n\t\t\t\t<\/div>\n\t\t\t\t<\/div>\n\t\t\t\t\t<\/div>\n\t\t\t\t<\/div>\n\t\t\t\t<\/div>\n\t\t","protected":false},"excerpt":{"rendered":"<p>Miroslav Kuljanac Kuala Lumpur City FC Zoran Vukeli\u0107 NK Gaj Ma\u010de Adolfo Monsalve Atl\u00e9tico Pantoja<\/p>\n","protected":false},"author":1,"featured_media":0,"parent":0,"menu_order":0,"comment_status":"closed","ping_status":"closed","template":"","meta":{"footnotes":""},"class_list":["post-24221","page","type-page","status-publish","hentry"],"_links":{"self":[{"href":"https:\/\/www.prokick.hr\/index.php?rest_route=\/wp\/v2\/pages\/24221","targetHints":{"allow":["GET"]}}],"collection":[{"href":"https:\/\/www.prokick.hr\/index.php?rest_route=\/wp\/v2\/pages"}],"about":[{"href":"https:\/\/www.prokick.hr\/index.php?rest_route=\/wp\/v2\/types\/page"}],"author":[{"embeddable":true,"href":"https:\/\/www.prokick.hr\/index.php?rest_route=\/wp\/v2\/users\/1"}],"replies":[{"embeddable":true,"href":"https:\/\/www.prokick.hr\/index.php?rest_route=%2Fwp%2Fv2%2Fcomments&post=24221"}],"version-history":[{"count":19,"href":"https:\/\/www.prokick.hr\/index.php?rest_route=\/wp\/v2\/pages\/24221\/revisions"}],"predecessor-version":[{"id":24388,"href":"https:\/\/www.prokick.hr\/index.php?rest_route=\/wp\/v2\/pages\/24221\/revisions\/24388"}],"wp:attachment":[{"href":"https:\/\/www.prokick.hr\/index.php?rest_route=%2Fwp%2Fv2%2Fmedia&parent=24221"}],"curies":[{"name":"wp","href":"https:\/\/api.w.org\/{rel}","templated":true}]}}