{"id":23481,"date":"2025-03-13T09:47:04","date_gmt":"2025-03-13T09:47:04","guid":{"rendered":"https:\/\/medicora.keydesign.xyz\/medical-clinic\/?page_id=23481"},"modified":"2025-10-22T10:42:34","modified_gmt":"2025-10-22T08:42:34","slug":"onama","status":"publish","type":"page","link":"https:\/\/www.prokick.hr\/?page_id=23481","title":{"rendered":"O nama"},"content":{"rendered":"\t\t<div data-elementor-type=\"wp-page\" data-elementor-id=\"23481\" class=\"elementor elementor-23481\">\n\t\t\t\t<div class=\"elementor-element elementor-element-9c1b952 e-flex e-con-boxed e-con e-parent\" data-id=\"9c1b952\" data-element_type=\"container\" data-e-type=\"container\">\n\t\t\t\t\t<div class=\"e-con-inner\">\n\t\t<div class=\"elementor-element elementor-element-28ab98b e-con-full e-flex e-con e-child\" data-id=\"28ab98b\" data-element_type=\"container\" data-e-type=\"container\">\n\t\t<div class=\"elementor-element elementor-element-c028c2e e-con-full e-flex e-con e-child\" data-id=\"c028c2e\" data-element_type=\"container\" data-e-type=\"container\">\n\t\t\t\t<div class=\"elementor-element elementor-element-585ea96 animated-fast elementor-invisible elementor-widget elementor-widget-elementskit-heading\" data-id=\"585ea96\" data-element_type=\"widget\" data-e-type=\"widget\" data-settings=\"{&quot;_animation&quot;:&quot;fadeIn&quot;,&quot;_animation_delay&quot;:100,&quot;ekit_we_effect_on&quot;:&quot;css&quot;}\" data-widget_type=\"elementskit-heading.default\">\n\t\t\t\t\t<div class=\"ekit-wid-con\" ><div class=\"ekit-heading elementskit-section-title-wraper text_left   ekit_heading_tablet-   ekit_heading_mobile-text_left\"><h2 class=\"ekit-heading--title elementskit-section-title \"><span><span>ProKick<\/span><\/span> SPORTS <br \/> international<\/h2><\/div><\/div>\t\t\t\t<\/div>\n\t\t\t\t<\/div>\n\t\t<div class=\"elementor-element elementor-element-5c74898 e-con-full e-flex e-con e-child\" data-id=\"5c74898\" data-element_type=\"container\" data-e-type=\"container\">\n\t\t\t\t<div class=\"elementor-element elementor-element-80854f6 elementor-widget elementor-widget-text-editor\" data-id=\"80854f6\" data-element_type=\"widget\" data-e-type=\"widget\" data-settings=\"{&quot;ekit_we_effect_on&quot;:&quot;none&quot;}\" data-widget_type=\"text-editor.default\">\n\t\t\t\t\t\t\t\t\t<p><strong data-start=\"179\" data-end=\"204\">ProKick Sports d.o.o.<\/strong> je specijalizirana sportska agencija usmjerena na zastupanje sporta\u0161a, upravljanje karijerama i savjetovanje u podru\u010dju sportskog menad\u017ementa. Na\u0161 tim stru\u010dnjaka pru\u017ea sveobuhvatnu podr\u0161ku sporta\u0161ima, klubovima i partnerima kroz profesionalni pristup, transparentnost i predanost dugoro\u010dnim rezultatima.<br \/><br \/>Na\u0161a misija je stvaranje stabilnih i uspje\u0161nih karijera te razvoj odnosa koji se temelje na povjerenju, integritetu i izvrsnosti.<\/p>\t\t\t\t\t\t\t\t<\/div>\n\t\t\t\t<div class=\"elementor-element elementor-element-e6b6f05 elementor-widget elementor-widget-text-editor\" data-id=\"e6b6f05\" data-element_type=\"widget\" data-e-type=\"widget\" data-settings=\"{&quot;ekit_we_effect_on&quot;:&quot;none&quot;}\" data-widget_type=\"text-editor.default\">\n\t\t\t\t\t\t\t\t\t<p><strong data-start=\"154\" data-end=\"177\">ProKick Sports Ltd.<\/strong> is a professional sports management agency specializing in athlete representation, career development, and strategic consulting within the sports industry.<br data-start=\"333\" data-end=\"336\" \/>With a commitment to excellence, integrity, and long-term partnerships, we provide comprehensive management solutions tailored to the individual needs of each client.<br \/><br data-start=\"502\" data-end=\"505\" \/>Our experienced team delivers expert guidance in contract negotiations, career planning, marketing strategy, and professional development\u2014ensuring that every athlete and partner achieves sustainable success on and off the field.<\/p>\t\t\t\t\t\t\t\t<\/div>\n\t\t\t\t<\/div>\n\t\t\t\t<\/div>\n\t\t\t\t\t<\/div>\n\t\t\t\t<\/div>\n\t\t\t\t<\/div>\n\t\t","protected":false},"excerpt":{"rendered":"<p>ProKick SPORTS international ProKick Sports d.o.o. je specijalizirana sportska agencija usmjerena na zastupanje sporta\u0161a, upravljanje karijerama i savjetovanje u podru\u010dju sportskog menad\u017ementa. Na\u0161 tim stru\u010dnjaka pru\u017ea sveobuhvatnu podr\u0161ku sporta\u0161ima, klubovima i partnerima kroz profesionalni pristup, transparentnost i predanost dugoro\u010dnim rezultatima. Na\u0161a misija je stvaranje stabilnih i uspje\u0161nih karijera te razvoj odnosa koji se temelje na [&hellip;]<\/p>\n","protected":false},"author":1,"featured_media":0,"parent":0,"menu_order":0,"comment_status":"closed","ping_status":"closed","template":"","meta":{"footnotes":""},"class_list":["post-23481","page","type-page","status-publish","hentry"],"_links":{"self":[{"href":"https:\/\/www.prokick.hr\/index.php?rest_route=\/wp\/v2\/pages\/23481","targetHints":{"allow":["GET"]}}],"collection":[{"href":"https:\/\/www.prokick.hr\/index.php?rest_route=\/wp\/v2\/pages"}],"about":[{"href":"https:\/\/www.prokick.hr\/index.php?rest_route=\/wp\/v2\/types\/page"}],"author":[{"embeddable":true,"href":"https:\/\/www.prokick.hr\/index.php?rest_route=\/wp\/v2\/users\/1"}],"replies":[{"embeddable":true,"href":"https:\/\/www.prokick.hr\/index.php?rest_route=%2Fwp%2Fv2%2Fcomments&post=23481"}],"version-history":[{"count":17,"href":"https:\/\/www.prokick.hr\/index.php?rest_route=\/wp\/v2\/pages\/23481\/revisions"}],"predecessor-version":[{"id":24394,"href":"https:\/\/www.prokick.hr\/index.php?rest_route=\/wp\/v2\/pages\/23481\/revisions\/24394"}],"wp:attachment":[{"href":"https:\/\/www.prokick.hr\/index.php?rest_route=%2Fwp%2Fv2%2Fmedia&parent=23481"}],"curies":[{"name":"wp","href":"https:\/\/api.w.org\/{rel}","templated":true}]}}